{"id":1657907,"date":"2026-02-25T18:34:07","date_gmt":"2026-02-25T18:34:07","guid":{"rendered":"https:\/\/nevadostorehub.com\/homepage-nevado-store"},"modified":"2026-03-08T09:29:10","modified_gmt":"2026-03-08T09:29:10","slug":"homepage-nevado-store","status":"publish","type":"page","link":"https:\/\/nevadostorehub.com\/es\/","title":{"rendered":""},"content":{"rendered":"\n<div class=\"wp-block-wpm-language-switcher\"><ul class=\"wpm-language-switcher wpm-switcher-dropdown\"><li class=\"wpm-item-language-main wpm-item-language-en\"><span><img decoding=\"async\" src=\"https:\/\/nevadostorehub.com\/wp-content\/plugins\/wp-multilang\/flags\/mx.png\" alt=\"Espa\u00f1ol\"\/><span>Espa\u00f1ol<\/span><\/span><ul class=\"wpm-language-dropdown\"><li class=\"wpm-item-language-en\"><a href=\"#\" data-lang=\"en\"><img decoding=\"async\" src=\"https:\/\/nevadostorehub.com\/wp-content\/plugins\/wp-multilang\/flags\/us.png\" alt=\"English (US)\"\/><span>English (US)<\/span><\/a><\/li><\/ul><\/li><\/ul><\/div>\n\n\n\n<div class=\"wp-block-bronkbuilderwp-hero-block alignfull\">\n<div class=\"wp-block-cover alignfull is-light has-link-color wp-elements-a1dcb07e4d011de9a742556c5e027ce9\" style=\"margin-top:0;margin-bottom:0;padding-top:200px;padding-right:var(--wp--preset--spacing--50);padding-bottom:200px;padding-left:var(--wp--preset--spacing--50);min-height:100vh;aspect-ratio:unset;\"><img loading=\"lazy\" decoding=\"async\" width=\"1536\" height=\"1024\" class=\"wp-block-cover__image-background wp-image-1867908 size-full\" alt=\"\" src=\"https:\/\/nevadostorehub.com\/wp-content\/uploads\/2026\/03\/ChatGPT-Image-8-mar-2026-03_23_19-a.m.png\" data-object-fit=\"cover\" srcset=\"https:\/\/nevadostorehub.com\/wp-content\/uploads\/2026\/03\/ChatGPT-Image-8-mar-2026-03_23_19-a.m.png 1536w, https:\/\/nevadostorehub.com\/wp-content\/uploads\/2026\/03\/ChatGPT-Image-8-mar-2026-03_23_19-a.m-300x200.png 300w, https:\/\/nevadostorehub.com\/wp-content\/uploads\/2026\/03\/ChatGPT-Image-8-mar-2026-03_23_19-a.m-1024x683.png 1024w, https:\/\/nevadostorehub.com\/wp-content\/uploads\/2026\/03\/ChatGPT-Image-8-mar-2026-03_23_19-a.m-768x512.png 768w\" sizes=\"auto, (max-width: 1536px) 100vw, 1536px\" \/><span aria-hidden=\"true\" class=\"wp-block-cover__background has-background-dim-30 has-background-dim\" style=\"background-color:#b4a196\"><\/span><div class=\"wp-block-cover__inner-container is-layout-flow wp-container-core-cover-is-layout-5c43e98a wp-block-cover-is-layout-flow\">\n<h1 class=\"wp-block-heading has-text-align-center is-style-text-display has-link-color\" style=\"font-size:clamp(2.2rem, 2.2rem + ((1vw - 0.2rem) * 2.824), 4rem);\"><\/h1>\n\n\n\n<p class=\"has-text-align-center has-background-color has-text-color has-link-color wp-elements-f0831b2beee0a16881fdbb823818ef26\" style=\"font-size:0rem;font-style:normal;font-weight:200\"><\/p>\n\n\n\n<div class=\"wp-block-buttons is-content-justification-center is-layout-flex wp-container-core-buttons-is-layout-a89b3969 wp-block-buttons-is-layout-flex\">\n<div class=\"wp-block-button is-style-fill\"><a class=\"wp-block-button__link has-primary-background-color has-background has-link-color has-border-color has-background-border-color wp-element-button\" href=\"#products\" style=\"background-color:var(--wp--preset--color--primary)\">Comprar Ahora<\/a><\/div>\n<\/div>\n<\/div><\/div>\n<\/div>\n\n\n\n<div class=\"wp-block-bronkbuilderwp-about-block alignfull\">\n<div id=\"about\" class=\"wp-block-group has-global-padding is-layout-constrained wp-container-core-group-is-layout-790f78e6 wp-block-group-is-layout-constrained\" style=\"padding-top:5rem;padding-right:0;padding-bottom:5rem;padding-left:0\">\n<div class=\"wp-block-columns alignwide is-layout-flex wp-container-core-columns-is-layout-89b078ac wp-block-columns-is-layout-flex\">\n<div class=\"wp-block-column is-vertically-aligned-center is-layout-flow wp-container-core-column-is-layout-6586fe40 wp-block-column-is-layout-flow\" style=\"padding-top:0;padding-right:0;padding-bottom:0;padding-left:0;flex-basis:50%\">\n<figure class=\"wp-block-image aligncenter size-large has-custom-border\" style=\"margin-top:0;margin-right:0;margin-bottom:0;margin-left:0\"><img decoding=\"async\" src=\"https:\/\/bronkbuilder-website-assets.s3.us-east-2.amazonaws.com\/users\/3afecf4b-c208-4bb1-a3e9-5ebfe53bfffb\/websites\/67b51e99-898e-430b-aa68-0e2306364a3b\/ABOUT\/80b6c40e-5b3e-4e5a-9356-cf82c00df971.webp\" alt=\"Placeholder image for ABOUT\" style=\"border-radius:10px;box-shadow:var(--wp--preset--shadow--natural);aspect-ratio:4\/3;object-fit:cover\"\/><\/figure>\n<\/div>\n\n\n\n<div class=\"wp-block-column is-vertically-aligned-center is-layout-flow wp-block-column-is-layout-flow\" style=\"padding-right:0;padding-left:0;flex-basis:50%\">\n<h1 class=\"wp-block-heading has-text-align-left has-primary-color has-text-color has-x-large-font-size\" style=\"color:var(--wp--preset--color--primary);font-style:normal;font-weight:600;line-height:1.5\">Sobre Nevado Store <\/h1>\n\n\n\n<div class=\"wp-block-group is-vertical is-content-justification-center is-layout-flex wp-container-core-group-is-layout-b6c1f246 wp-block-group-is-layout-flex\">\n<p class=\"has-text-align-left is-style-lead has-medium-font-size has-text-color has-paragraph-text-color has-link-color\">Nevado Store es tu destino en l\u00ednea de confianza para productos de Amazon USA cuidadosamente seleccionados. Creemos que comprar deber\u00eda ser una experiencia sencilla y agradable. Nuestra misi\u00f3n es simplificar tu experiencia de compra en internet seleccionando a mano los mejores productos, los m\u00e1s populares y los mejor valorados de Amazon, para que puedas comprar con confianza y descubrir art\u00edculos que realmente valen la pena.<\/p>\n\n\n\n<p class=\"has-text-align-left is-style-lead has-medium-font-size has-text-color has-paragraph-text-color has-link-color\" style=\"font-size:clamp(16.834px, 1.052rem + ((1vw - 3.2px) * 0.899), 26px);\">Nos especializamos en ofrecer recomendaciones personalizadas seg\u00fan tus preferencias y en brindarte ofertas exclusivas que no encontrar\u00e1s en otros lugares. Cada producto de nuestra colecci\u00f3n es elegido cuidadosamente en funci\u00f3n de su calidad, las opiniones de los clientes y las tendencias actuales. Ya sea que est\u00e9s buscando art\u00edculos esenciales para el d\u00eda a d\u00eda o las \u00faltimas innovaciones, Nevado Store te ofrece comodidad y estilo en tu experiencia de compra.<br><br><br><\/p>\n<\/div>\n<\/div>\n<\/div>\n<\/div>\n\n\n\n<p><strong><strong>Divulgaci\u00f3n:<\/strong><br>Nevado Store participa en programas de afiliados, incluido el Amazon Services LLC Associates Program. Algunos enlaces en este sitio web pueden generar una comisi\u00f3n por compras realizadas a trav\u00e9s de ellos, sin ning\u00fan costo adicional para el usuario.<\/strong><\/p>\n<\/div>\n\n\n\n<div class=\"wp-block-bronkbuilderwp-products-block alignfull\">\n<div class=\"wp-block-group alignfull is-style-default has-secondary-background-color has-background has-global-padding is-layout-constrained wp-container-core-group-is-layout-4907bdd0 wp-block-group-is-layout-constrained\" id=\"products\" style=\"margin-top:0;margin-bottom:0;padding-top:5rem;padding-bottom:5rem\">\n<h2 class=\"wp-block-heading alignwide has-text-align-center is-style-text-display has-primary-color has-text-color has-x-large-font-size\" style=\"color:var(--wp--preset--color--primary);font-size:x-large;font-style:normal;font-weight:700;line-height:1.6\">Descubre Productos<\/h2>\n\n\n\n<div class=\"wp-block-columns alignwide is-layout-flex wp-container-core-columns-is-layout-28f84493 wp-block-columns-is-layout-flex\">\n<div class=\"wp-block-column is-style-default has-background-background-color has-background is-layout-flow wp-block-column-is-layout-flow\" style=\"border-radius:12px;padding-top:0px;padding-right:0px;padding-bottom:30px;padding-left:0px;box-shadow:var(--wp--preset--shadow--natural)\">\n<figure class=\"wp-block-image size-full has-custom-border\" style=\"margin-bottom:24px\"><img loading=\"lazy\" decoding=\"async\" width=\"1024\" height=\"828\" src=\"https:\/\/nevadostorehub.com\/wp-content\/uploads\/2026\/03\/WhatsApp-Image-2026-03-08-at-03.48.47.jpeg\" alt=\"\" class=\"wp-image-1897908\" style=\"border-style:none;border-width:0px;border-top-left-radius:12px;border-top-right-radius:12px;aspect-ratio:1.3333333333333333;object-fit:cover\" srcset=\"https:\/\/nevadostorehub.com\/wp-content\/uploads\/2026\/03\/WhatsApp-Image-2026-03-08-at-03.48.47.jpeg 1024w, https:\/\/nevadostorehub.com\/wp-content\/uploads\/2026\/03\/WhatsApp-Image-2026-03-08-at-03.48.47-300x243.jpeg 300w, https:\/\/nevadostorehub.com\/wp-content\/uploads\/2026\/03\/WhatsApp-Image-2026-03-08-at-03.48.47-768x621.jpeg 768w\" sizes=\"auto, (max-width: 1024px) 100vw, 1024px\" \/><\/figure>\n\n\n\n<h3 class=\"wp-block-heading alignwide has-text-align-center is-style-text-display has-primary-color has-text-color\" style=\"color:var(--wp--preset--color--primary);margin-top:var(--wp--preset--spacing--40);margin-right:var(--wp--preset--spacing--50);margin-bottom:var(--wp--preset--spacing--40);margin-left:var(--wp--preset--spacing--50);font-style:normal;font-weight:700;line-height:1.6\">Colecciones de Productos Seleccionados <\/h3>\n\n\n\n<p class=\"has-text-align-left has-link-color has-paragraph-text-color has-text-color\" style=\"margin-top:var(--wp--preset--spacing--40);margin-right:var(--wp--preset--spacing--50);margin-bottom:var(--wp--preset--spacing--40);margin-left:var(--wp--preset--spacing--50);font-size:clamp(14px, 0.875rem + ((1vw - 3.2px) * 0.196), 16px);line-height:1.5\">Productos de Amazon USA cuidadosamente seleccionados por expertos, elegidos por su calidad, popularidad en tendencia y excelentes valoraciones de los clientes. Explora nuestras colecciones cuidadosamente curadas en m\u00faltiples categor\u00edas.<\/p>\n<\/div>\n\n\n\n<div class=\"wp-block-column is-style-default has-background-background-color has-background is-layout-flow wp-block-column-is-layout-flow\" style=\"border-radius:12px;padding-top:0px;padding-right:0px;padding-bottom:30px;padding-left:0px;box-shadow:var(--wp--preset--shadow--natural)\">\n<figure class=\"wp-block-image size-full has-custom-border\" style=\"margin-bottom:24px\"><img loading=\"lazy\" decoding=\"async\" width=\"1536\" height=\"1024\" src=\"http:\/\/nevadostorehub.com\/wp-content\/uploads\/2026\/03\/ChatGPT-Image-8-mar-2026-03_39_04-a.m.png\" alt=\"\" class=\"wp-image-1927907\" style=\"border-style:none;border-width:0px;border-top-left-radius:12px;border-top-right-radius:12px;aspect-ratio:1.3333333333333333;object-fit:cover\" srcset=\"https:\/\/nevadostorehub.com\/wp-content\/uploads\/2026\/03\/ChatGPT-Image-8-mar-2026-03_39_04-a.m.png 1536w, https:\/\/nevadostorehub.com\/wp-content\/uploads\/2026\/03\/ChatGPT-Image-8-mar-2026-03_39_04-a.m-300x200.png 300w, https:\/\/nevadostorehub.com\/wp-content\/uploads\/2026\/03\/ChatGPT-Image-8-mar-2026-03_39_04-a.m-1024x683.png 1024w, https:\/\/nevadostorehub.com\/wp-content\/uploads\/2026\/03\/ChatGPT-Image-8-mar-2026-03_39_04-a.m-768x512.png 768w\" sizes=\"auto, (max-width: 1536px) 100vw, 1536px\" \/><\/figure>\n\n\n\n<h3 class=\"wp-block-heading alignwide has-text-align-center is-style-text-display has-primary-color has-text-color\" style=\"color:var(--wp--preset--color--primary);margin-top:var(--wp--preset--spacing--40);margin-right:var(--wp--preset--spacing--50);margin-bottom:var(--wp--preset--spacing--40);margin-left:var(--wp--preset--spacing--50);font-style:normal;font-weight:700;line-height:1.6\">Recomendaciones Personalizadas<\/h3>\n\n\n\n<p class=\"has-text-align-left has-link-color has-paragraph-text-color has-text-color\" style=\"margin-top:var(--wp--preset--spacing--40);margin-right:var(--wp--preset--spacing--50);margin-bottom:var(--wp--preset--spacing--40);margin-left:var(--wp--preset--spacing--50);font-size:clamp(14px, 0.875rem + ((1vw - 3.2px) * 0.196), 16px);line-height:1.5\">Recibe sugerencias de productos adaptadas a tus preferencias y a tu historial de compras. Nuestro sistema inteligente de recomendaciones te ayuda a descubrir art\u00edculos perfectamente adecuados a tus necesidades.. <\/p>\n<\/div>\n\n\n\n<div class=\"wp-block-column is-style-default has-background-background-color has-background is-layout-flow wp-block-column-is-layout-flow\" style=\"border-radius:12px;padding-top:0px;padding-right:0px;padding-bottom:30px;padding-left:0px;box-shadow:var(--wp--preset--shadow--natural)\">\n<figure class=\"wp-block-image size-full has-custom-border\" style=\"margin-bottom:24px\"><img loading=\"lazy\" decoding=\"async\" width=\"1536\" height=\"1024\" src=\"https:\/\/nevadostorehub.com\/wp-content\/uploads\/2026\/03\/ChatGPT-Image-8-mar-2026-03_57_34-a.m.png\" alt=\"\" class=\"wp-image-1927909\" style=\"border-style:none;border-width:0px;border-top-left-radius:12px;border-top-right-radius:12px;aspect-ratio:1.3333333333333333;object-fit:cover\" srcset=\"https:\/\/nevadostorehub.com\/wp-content\/uploads\/2026\/03\/ChatGPT-Image-8-mar-2026-03_57_34-a.m.png 1536w, https:\/\/nevadostorehub.com\/wp-content\/uploads\/2026\/03\/ChatGPT-Image-8-mar-2026-03_57_34-a.m-300x200.png 300w, https:\/\/nevadostorehub.com\/wp-content\/uploads\/2026\/03\/ChatGPT-Image-8-mar-2026-03_57_34-a.m-1024x683.png 1024w, https:\/\/nevadostorehub.com\/wp-content\/uploads\/2026\/03\/ChatGPT-Image-8-mar-2026-03_57_34-a.m-768x512.png 768w\" sizes=\"auto, (max-width: 1536px) 100vw, 1536px\" \/><\/figure>\n\n\n\n<h3 class=\"wp-block-heading alignwide has-text-align-center is-style-text-display has-primary-color has-text-color\" style=\"color:var(--wp--preset--color--primary);margin-top:var(--wp--preset--spacing--40);margin-right:var(--wp--preset--spacing--50);margin-bottom:var(--wp--preset--spacing--40);margin-left:var(--wp--preset--spacing--50);font-style:normal;font-weight:700;line-height:1.6\">Ofertas y Descuentos Exclusivo<\/h3>\n\n\n\n<p class=\"has-text-align-left has-link-color has-paragraph-text-color has-text-color\" style=\"margin-top:var(--wp--preset--spacing--40);margin-right:var(--wp--preset--spacing--50);margin-bottom:var(--wp--preset--spacing--40);margin-left:var(--wp--preset--spacing--50);font-size:clamp(14px, 0.875rem + ((1vw - 3.2px) * 0.196), 16px);line-height:1.5\">Encuentra productos de Amazon con grandes descuentos y tendencias actuales.<br>Nevado Store selecciona art\u00edculos que combinan calidad, popularidad y excelente valor.<\/p>\n\n\n\n<p class=\"has-text-align-left has-link-color has-paragraph-text-color has-text-color\" style=\"margin-top:var(--wp--preset--spacing--40);margin-right:var(--wp--preset--spacing--50);margin-bottom:var(--wp--preset--spacing--40);margin-left:var(--wp--preset--spacing--50);font-size:clamp(14px, 0.875rem + ((1vw - 3.2px) * 0.196), 16px);line-height:1.5\"><\/p>\n\n\n\n<p class=\"has-text-align-left has-link-color has-paragraph-text-color has-text-color\" style=\"margin-top:var(--wp--preset--spacing--40);margin-right:var(--wp--preset--spacing--50);margin-bottom:var(--wp--preset--spacing--40);margin-left:var(--wp--preset--spacing--50);font-size:clamp(14px, 0.875rem + ((1vw - 3.2px) * 0.196), 16px);line-height:1.5\"><\/p>\n<\/div>\n<\/div>\n<\/div>\n<\/div>\n\n\n\n<div class=\"wp-block-group alignfull is-style-default has-link-color wp-elements-9786512c0f47557aa9a6feec34da7b83 has-global-padding is-layout-constrained wp-container-core-group-is-layout-0e7ae9db wp-block-group-is-layout-constrained\" id=\"contact\" style=\"margin-top:0;margin-bottom:0;padding-top:4rem;padding-bottom:4rem\">\n<h1 class=\"wp-block-heading alignwide has-text-align-center is-style-text-display has-primary-color has-text-color has-x-large-font-size\" style=\"padding-bottom:var(--wp--preset--spacing--20);font-size:x-large;font-style:normal;font-weight:700;line-height:1.6\">Cont\u00e1ctanos<\/h1>\n\n\n\n<div class=\"wp-block-group alignwide has-global-padding is-layout-constrained wp-block-group-is-layout-constrained\" style=\"padding-top:2rem;padding-bottom:2rem\"><div class='fluentform ff-default fluentform_wrapper_3  ff_guten_block ff_guten_block-3 ffs_default_wrap'><form data-form_id=\"3\" id=\"fluentform_3\" class=\"frm-fluent-form fluent_form_3 ff-el-form-top ff_form_instance_3_1 ff-form-loading ffs_default\" data-form_instance=\"ff_form_instance_3_1\" method=\"POST\" ><fieldset  style=\"border: none!important;margin: 0!important;padding: 0!important;background-color: transparent!important;box-shadow: none!important;outline: none!important; min-inline-size: 100%;\">\n                    <legend class=\"ff_screen_reader_title\" style=\"display: block; margin: 0!important;padding: 0!important;height: 0!important;text-indent: -999999px;width: 0!important;overflow:hidden;\">Business Default form<\/legend>        <div\n                style=\"display: none!important; position: absolute!important; transform: translateX(1000%)!important;\"\n                class=\"ff-el-group ff-hpsf-container\"\n        >\n            <div class=\"ff-el-input--label asterisk-right\">\n                <label for=\"ff_3_item_sf\" aria-label=\"Subscribe\">\n                    Subscribe                <\/label>\n            <\/div>\n            <div class=\"ff-el-input--content\">\n                <input type=\"text\"\n                       name=\"item_3__fluent_sf\"\n                       class=\"ff-el-form-control\"\n                       id=\"ff_3_item_sf\"\n                \/>\n            <\/div>\n        <\/div>\n                <input type=\"hidden\" id=\"__fluent_protection_token_3\" class=\"fluent-form-token-field\" name=\"__fluent_protection_token_3\">\n        <input type='hidden' name='__fluent_form_embded_post_id' value='1657907' \/><input type=\"hidden\" id=\"_fluentform_3_fluentformnonce\" name=\"_fluentform_3_fluentformnonce\" value=\"c3ba5de8d2\" \/><input type=\"hidden\" name=\"_wp_http_referer\" value=\"\/es\/wp-json\/wp\/v2\/pages\/1657907\" \/><div data-name=\"ff_cn_id_1\"  class='ff-t-container ff-column-container ff_columns_total_1 '><div class='ff-t-cell ff-t-column-1' style='flex-basis: 100%;'><div data-type=\"name-element\" data-name=\"names\" class=\" ff-field_container ff-name-field-wrapper\" ><div class='ff-t-container'><div class='ff-t-cell '><div class='ff-el-group ff-el-form-top'><div class=\"ff-el-input--label ff-el-is-required asterisk-right\"><label for='ff_3_names_first_name_' id='label_ff_3_names_first_name_' >Name<\/label><\/div><div class='ff-el-input--content'><input type=\"text\" name=\"names[first_name]\" id=\"ff_3_names_first_name_\" class=\"ff-el-form-control\" placeholder=\"Enter Your First Name\" aria-invalid=\"false\" aria-required=true><\/div><\/div><\/div><\/div><\/div><div class='ff-el-group'><div class=\"ff-el-input--label ff-el-is-required asterisk-right\"><label for='ff_3_email' id='label_ff_3_email' aria-label=\"Email\">Email<\/label><\/div><div class='ff-el-input--content'><input type=\"email\" name=\"email\" id=\"ff_3_email\" class=\"ff-el-form-control\" placeholder=\"Email Address\" data-name=\"email\"  aria-invalid=\"false\" aria-required=true><\/div><\/div><div class='ff-el-group'><div class=\"ff-el-input--label ff-el-is-required asterisk-right\"><label for='ff_3_description' id='label_ff_3_description' aria-label=\"Message\">Message<\/label><\/div><div class='ff-el-input--content'><textarea aria-required=\"true\" aria-labelledby=\"label_ff_3_description\" name=\"description\" id=\"ff_3_description\" class=\"ff-el-form-control\" rows=\"3\" cols=\"2\" data-name=\"description\" ><\/textarea><\/div><\/div><div class='ff-el-group ff-text-right ff_submit_btn_wrapper ff_submit_btn_wrapper_custom'><button class=\"ff-btn ff-btn-submit ff-btn-lg sb-submit-form-button ff_btn_style wpf_has_custom_css\" type=\"submit\" name=\"custom_submit_button-3_1\" data-name=\"custom_submit_button-3_1\"  aria-label=\"Submit\">Submit<\/button><style>form.fluent_form_3 .wpf_has_custom_css.ff-btn-submit { border-color:rgba(0, 0, 0, 1);border-radius:5px;min-width:100%; }form.fluent_form_3 .wpf_has_custom_css.ff-btn-submit:hover { border-color:rgba(0, 0, 0, 1);border-radius:5px;min-width:100%; } <\/style><\/div><\/div><\/div><\/fieldset><\/form><div id='fluentform_3_errors' class='ff-errors-in-stack ff_form_instance_3_1 ff-form-loading_errors ff_form_instance_3_1_errors'><\/div><\/div>            <script type=\"text\/javascript\">\n                window.fluent_form_ff_form_instance_3_1 = {\"id\":\"3\",\"settings\":{\"layout\":{\"labelPlacement\":\"top\",\"asteriskPlacement\":\"asterisk-right\",\"helpMessagePlacement\":\"with_label\",\"errorMessagePlacement\":\"inline\",\"cssClassName\":\"\"},\"restrictions\":{\"denyEmptySubmission\":{\"enabled\":false}}},\"form_instance\":\"ff_form_instance_3_1\",\"form_id_selector\":\"fluentform_3\",\"rules\":{\"names[first_name]\":{\"required\":{\"value\":true,\"message\":\"Este campo es obligatorio\",\"global_message\":\"This field is required\",\"global\":true}},\"names[middle_name]\":{\"required\":{\"value\":false,\"message\":\"Este campo es obligatorio\",\"global_message\":\"This field is required\",\"global\":true}},\"names[last_name]\":{\"required\":{\"value\":false,\"message\":\"Este campo es obligatorio\",\"global_message\":\"This field is required\",\"global\":true}},\"email\":{\"required\":{\"value\":true,\"message\":\"Este campo es obligatorio\",\"global_message\":\"This field is required\",\"global\":true},\"email\":{\"value\":true,\"message\":\"Este campo debe contener un correo electr\\u00f3nico v\\u00e1lido\",\"global_message\":\"This field must contain a valid email\",\"global\":true}},\"description\":{\"required\":{\"value\":true,\"message\":\"Este campo es obligatorio\",\"global_message\":\"This field is required\",\"global\":true}}},\"debounce_time\":300};\n                            <\/script>\n            <\/div>\n<\/div>\n\n\n\n<div class=\"wp-block-buttons is-layout-flex wp-block-buttons-is-layout-flex\">\n<div class=\"wp-block-button\"><a class=\"wp-block-button__link has-text-align-left wp-element-button\" href=\"http:\/\/www.nevadostorehub.com\/privacy-policy\">Privacy Policy<\/a><\/div>\n<\/div>\n\n\n\n<blockquote class=\"wp-block-quote is-layout-flow wp-block-quote-is-layout-flow\">\n<p><\/p>\n<\/blockquote>\n","protected":false},"excerpt":{"rendered":"<p>Cont\u00e1ctanos<\/p>\n","protected":false},"author":1,"featured_media":0,"parent":0,"menu_order":0,"comment_status":"closed","ping_status":"closed","template":"","meta":{"footnotes":""},"class_list":["post-1657907","page","type-page","status-publish","hentry"],"_links":{"self":[{"href":"https:\/\/nevadostorehub.com\/es\/wp-json\/wp\/v2\/pages\/1657907","targetHints":{"allow":["GET"]}}],"collection":[{"href":"https:\/\/nevadostorehub.com\/es\/wp-json\/wp\/v2\/pages"}],"about":[{"href":"https:\/\/nevadostorehub.com\/es\/wp-json\/wp\/v2\/types\/page"}],"author":[{"embeddable":true,"href":"https:\/\/nevadostorehub.com\/es\/wp-json\/wp\/v2\/users\/1"}],"replies":[{"embeddable":true,"href":"https:\/\/nevadostorehub.com\/es\/wp-json\/wp\/v2\/comments?post=1657907"}],"version-history":[{"count":16,"href":"https:\/\/nevadostorehub.com\/es\/wp-json\/wp\/v2\/pages\/1657907\/revisions"}],"predecessor-version":[{"id":1867918,"href":"https:\/\/nevadostorehub.com\/es\/wp-json\/wp\/v2\/pages\/1657907\/revisions\/1867918"}],"wp:attachment":[{"href":"https:\/\/nevadostorehub.com\/es\/wp-json\/wp\/v2\/media?parent=1657907"}],"curies":[{"name":"wp","href":"https:\/\/api.w.org\/{rel}","templated":true}]}}